{"id":134,"date":"2025-09-27T18:59:30","date_gmt":"2025-09-27T21:59:30","guid":{"rendered":"https:\/\/lilianbertin.com.br\/?page_id=134"},"modified":"2025-11-08T23:35:35","modified_gmt":"2025-11-09T02:35:35","slug":"elementor-134","status":"publish","type":"page","link":"https:\/\/lilianbertin.com.br\/?page_id=134","title":{"rendered":"VOZ DE IMPACTO &#038; STORYSELLING"},"content":{"rendered":"\t\t<div data-elementor-type=\"wp-page\" data-elementor-id=\"134\" class=\"elementor elementor-134\" data-elementor-post-type=\"page\">\n\t\t\t\t<div class=\"elementor-element elementor-element-6635ac1 e-flex e-con-boxed e-con e-parent\" data-id=\"6635ac1\" data-element_type=\"container\" data-settings=\"{&quot;background_background&quot;:&quot;classic&quot;}\">\n\t\t\t\t\t<div class=\"e-con-inner\">\n\t\t\t\t<div class=\"elementor-element elementor-element-49d554d elementor-widget elementor-widget-html\" data-id=\"49d554d\" data-element_type=\"widget\" data-widget_type=\"html.default\">\n\t\t\t\t<div class=\"elementor-widget-container\">\n\t\t\t\t\t<!-- Meta Pixel Code -->\n<script>\n!function(f,b,e,v,n,t,s)\n{if(f.fbq)return;n=f.fbq=function(){n.callMethod?\nn.callMethod.apply(n,arguments):n.queue.push(arguments)};\nif(!f._fbq)f._fbq=n;n.push=n;n.loaded=!0;n.version='2.0';\nn.queue=[];t=b.createElement(e);t.async=!0;\nt.src=v;s=b.getElementsByTagName(e)[0];\ns.parentNode.insertBefore(t,s)}(window, document,'script',\n'https:\/\/connect.facebook.net\/en_US\/fbevents.js');\nfbq('init', '1111089896145343');\nfbq('track', 'PageView');\n<\/script>\n<noscript><img height=\"1\" width=\"1\" style=\"display:none\"\nsrc=\"https:\/\/www.facebook.com\/tr?id=1111089896145343&ev=PageView&noscript=1\"\n\/><\/noscript>\n<!-- End Meta Pixel Code -->\t\t\t\t<\/div>\n\t\t\t\t<\/div>\n\t\t\t\t<div class=\"elementor-element elementor-element-fee0be9 elementor-widget elementor-widget-heading\" data-id=\"fee0be9\" data-element_type=\"widget\" data-widget_type=\"heading.default\">\n\t\t\t\t<div class=\"elementor-widget-container\">\n\t\t\t\t\t<h2 class=\"elementor-heading-title elementor-size-default\">[EXCLUSIVO PARA DONOS DE NEG\u00d3CIO E PROFISSIONAIS LIBERAIS]<\/h2>\t\t\t\t<\/div>\n\t\t\t\t<\/div>\n\t\t\t\t<div class=\"elementor-element elementor-element-a66d7ce elementor-widget elementor-widget-heading\" data-id=\"a66d7ce\" data-element_type=\"widget\" data-widget_type=\"heading.default\">\n\t\t\t\t<div class=\"elementor-widget-container\">\n\t\t\t\t\t<h2 class=\"elementor-heading-title elementor-size-default\">COMO FALAR DE UM JEITO QUE GERA CONFIAN\u00c7A, CONEX\u00c3O E VENDAS MESMO SEM PARECER UM VENDEDOR<\/h2>\t\t\t\t<\/div>\n\t\t\t\t<\/div>\n\t\t\t\t<div class=\"elementor-element elementor-element-d171357 elementor-widget elementor-widget-heading\" data-id=\"d171357\" data-element_type=\"widget\" data-widget_type=\"heading.default\">\n\t\t\t\t<div class=\"elementor-widget-container\">\n\t\t\t\t\t<h2 class=\"elementor-heading-title elementor-size-default\">Descubra o m\u00e9todo que transforma sua fala em uma experi\u00eancia de impacto capaz de gerar interesse, credibilidade e decis\u00e3o, mesmo que o p\u00fablico ainda n\u00e3o te conhe\u00e7a.<\/h2>\t\t\t\t<\/div>\n\t\t\t\t<\/div>\n\t\t\t\t<div class=\"elementor-element elementor-element-ad1c43f elementor-widget elementor-widget-text-editor\" data-id=\"ad1c43f\" data-element_type=\"widget\" data-widget_type=\"text-editor.default\">\n\t\t\t\t<div class=\"elementor-widget-container\">\n\t\t\t\t\t\t\t\t\t<p>Ter\u00e7a-feira, 20h (hor\u00e1rio de Bras\u00edlia), Ao vivo, online<\/p><p><strong>Acesso:<\/strong> Somente via <strong>grupo oficial de WhatsApp<\/strong> (materiais e link do encontro)<\/p><p><!-- notionvc: 9d2163e8-4384-4cbd-bdc0-bba8e40748de --><\/p><p><!-- notionvc: 4250fa93-b6d8-4017-bd9a-68c523f5d8ce --><\/p><p><!-- notionvc: 06707faa-52de-4201-94df-6157491fb10b --><\/p>\t\t\t\t\t\t\t\t<\/div>\n\t\t\t\t<\/div>\n\t\t\t\t<div class=\"elementor-element elementor-element-97d2157 elementor-align-center elementor-widget elementor-widget-button\" data-id=\"97d2157\" data-element_type=\"widget\" data-widget_type=\"button.default\">\n\t\t\t\t<div class=\"elementor-widget-container\">\n\t\t\t\t\t\t\t\t\t<div class=\"elementor-button-wrapper\">\n\t\t\t\t\t<a class=\"elementor-button elementor-button-link elementor-size-sm\" href=\"https:\/\/chat.whatsapp.com\/BpeCvdqb7PGIcaOkTbPizT\">\n\t\t\t\t\t\t<span class=\"elementor-button-content-wrapper\">\n\t\t\t\t\t\t\t\t\t<span class=\"elementor-button-text\">Entre agora no grupo e garanta sua vaga.<\/span>\n\t\t\t\t\t<\/span>\n\t\t\t\t\t<\/a>\n\t\t\t\t<\/div>\n\t\t\t\t\t\t\t\t<\/div>\n\t\t\t\t<\/div>\n\t\t\t\t<div class=\"elementor-element elementor-element-b077d14 elementor-widget elementor-widget-text-editor\" data-id=\"b077d14\" data-element_type=\"widget\" data-widget_type=\"text-editor.default\">\n\t\t\t\t<div class=\"elementor-widget-container\">\n\t\t\t\t\t\t\t\t\t<h2>A REAL \u00c9 SIMPLES:<\/h2><p>Se o cliente <strong>n\u00e3o sente confian\u00e7a<\/strong>, ele <strong>n\u00e3o compra<\/strong>.<\/p><p>Se ele <strong>n\u00e3o entende o seu valor<\/strong>, ele <strong>escolhe o concorrente<\/strong>.<\/p><p>O problema <strong>n\u00e3o \u00e9 o seu produto ou servi\u00e7o<\/strong> \u2014 \u00e9 a falta de uma <strong>comunica\u00e7\u00e3o estrat\u00e9gica<\/strong> que transforma <strong>aten\u00e7\u00e3o em fechamento<\/strong>, de forma <strong>natural e previs\u00edvel<\/strong>.<\/p><p><!-- notionvc: b3265a07-adf8-4b25-98df-6806b81df64a --><\/p><p><!-- notionvc: 06707faa-52de-4201-94df-6157491fb10b --><\/p>\t\t\t\t\t\t\t\t<\/div>\n\t\t\t\t<\/div>\n\t\t\t\t<div class=\"elementor-element elementor-element-3aa9aed elementor-widget elementor-widget-heading\" data-id=\"3aa9aed\" data-element_type=\"widget\" data-widget_type=\"heading.default\">\n\t\t\t\t<div class=\"elementor-widget-container\">\n\t\t\t\t\t<h2 class=\"elementor-heading-title elementor-size-default\">O QUE VOC\u00ca VAI DESCOBRIR NESTE ENCONTRO AO VIVO:<\/h2>\t\t\t\t<\/div>\n\t\t\t\t<\/div>\n\t\t\t\t<div class=\"elementor-element elementor-element-35f6a98 elementor-widget elementor-widget-text-editor\" data-id=\"35f6a98\" data-element_type=\"widget\" data-widget_type=\"text-editor.default\">\n\t\t\t\t<div class=\"elementor-widget-container\">\n\t\t\t\t\t\t\t\t\t<ul><li><strong>A estrutura das conversas que vendem:<\/strong> os 5 blocos que fazem o cliente dizer \u201csim\u201d sem press\u00e3o<\/li><li><strong>Como apresentar o seu neg\u00f3cio de forma irresist\u00edvel<\/strong>, mesmo que voc\u00ea n\u00e3o se considere bom de fala<\/li><li><strong>Como usar voz, presen\u00e7a e narrativa<\/strong> para gerar desejo e autoridade, sem precisar \u201cse vender\u201d<\/li><li><strong>O roteiro pr\u00e1tico<\/strong> para transformar reuni\u00f5es, apresenta\u00e7\u00f5es e atendimentos em oportunidades reais<\/li><\/ul><p>Voc\u00ea sai com <strong>clareza, confian\u00e7a e roteiro pronto<\/strong> para usar imediatamente.<\/p><p><!-- notionvc: d9700aec-4933-48f3-be71-f3035e0f9346 --><\/p>\t\t\t\t\t\t\t\t<\/div>\n\t\t\t\t<\/div>\n\t\t\t\t\t<\/div>\n\t\t\t\t<\/div>\n\t\t<div class=\"elementor-element elementor-element-d9e6092 e-flex e-con-boxed e-con e-parent\" data-id=\"d9e6092\" data-element_type=\"container\" data-settings=\"{&quot;background_background&quot;:&quot;classic&quot;}\">\n\t\t\t\t\t<div class=\"e-con-inner\">\n\t\t\t\t<div class=\"elementor-element elementor-element-8d1524f elementor-align-center elementor-widget elementor-widget-button\" data-id=\"8d1524f\" data-element_type=\"widget\" data-widget_type=\"button.default\">\n\t\t\t\t<div class=\"elementor-widget-container\">\n\t\t\t\t\t\t\t\t\t<div class=\"elementor-button-wrapper\">\n\t\t\t\t\t<a class=\"elementor-button elementor-button-link elementor-size-sm\" href=\"https:\/\/chat.whatsapp.com\/BpeCvdqb7PGIcaOkTbPizT\">\n\t\t\t\t\t\t<span class=\"elementor-button-content-wrapper\">\n\t\t\t\t\t\t\t\t\t<span class=\"elementor-button-text\">Entre agora no grupo e garanta sua vaga.<\/span>\n\t\t\t\t\t<\/span>\n\t\t\t\t\t<\/a>\n\t\t\t\t<\/div>\n\t\t\t\t\t\t\t\t<\/div>\n\t\t\t\t<\/div>\n\t\t\t\t<div class=\"elementor-element elementor-element-4d3a9f1 elementor-widget elementor-widget-heading\" data-id=\"4d3a9f1\" data-element_type=\"widget\" data-widget_type=\"heading.default\">\n\t\t\t\t<div class=\"elementor-widget-container\">\n\t\t\t\t\t<h2 class=\"elementor-heading-title elementor-size-default\">PARA QUEM \u00c9<\/h2>\t\t\t\t<\/div>\n\t\t\t\t<\/div>\n\t\t\t\t<div class=\"elementor-element elementor-element-ab94e45 elementor-widget elementor-widget-text-editor\" data-id=\"ab94e45\" data-element_type=\"widget\" data-widget_type=\"text-editor.default\">\n\t\t\t\t<div class=\"elementor-widget-container\">\n\t\t\t\t\t\t\t\t\t<ul><li>Mentores e especialistas que querem <strong>lotar eventos presenciais<\/strong> sem depender de tr\u00e1fego pago<\/li><li>Quem deseja <strong>vender com naturalidade<\/strong>, sem soar \u201cvendedor chato\u201d<\/li><li>Quem precisa de um <strong>processo repet\u00edvel<\/strong> para gerar demanda e fechar 1:1\/mentoria<\/li><\/ul><p><!-- notionvc: fbbe4e3e-fb87-4f71-be35-e94122c4e631 --><\/p><p><!-- notionvc: 9d2163e8-4384-4cbd-bdc0-bba8e40748de --><\/p><p><!-- notionvc: 4250fa93-b6d8-4017-bd9a-68c523f5d8ce --><\/p><p><!-- notionvc: 06707faa-52de-4201-94df-6157491fb10b --><\/p>\t\t\t\t\t\t\t\t<\/div>\n\t\t\t\t<\/div>\n\t\t\t\t<div class=\"elementor-element elementor-element-1ffadc0 elementor-widget elementor-widget-heading\" data-id=\"1ffadc0\" data-element_type=\"widget\" data-widget_type=\"heading.default\">\n\t\t\t\t<div class=\"elementor-widget-container\">\n\t\t\t\t\t<h2 class=\"elementor-heading-title elementor-size-default\">PARA QUEM N\u00c3O \u00c9<\/h2>\t\t\t\t<\/div>\n\t\t\t\t<\/div>\n\t\t\t\t<div class=\"elementor-element elementor-element-c1dbdf2 elementor-widget elementor-widget-text-editor\" data-id=\"c1dbdf2\" data-element_type=\"widget\" data-widget_type=\"text-editor.default\">\n\t\t\t\t<div class=\"elementor-widget-container\">\n\t\t\t\t\t\t\t\t\t<ul><li>Quem busca \u201catalho m\u00e1gico\u201d sem execu\u00e7\u00e3o<\/li><li>Quem deseja delegar 100% da comunica\u00e7\u00e3o sem participar do processo<\/li><\/ul><p><!-- notionvc: fbbe4e3e-fb87-4f71-be35-e94122c4e631 --><\/p><p><!-- notionvc: 9d2163e8-4384-4cbd-bdc0-bba8e40748de --><\/p><p><!-- notionvc: 4250fa93-b6d8-4017-bd9a-68c523f5d8ce --><\/p><p><!-- notionvc: 06707faa-52de-4201-94df-6157491fb10b --><\/p>\t\t\t\t\t\t\t\t<\/div>\n\t\t\t\t<\/div>\n\t\t\t\t\t<\/div>\n\t\t\t\t<\/div>\n\t\t<div class=\"elementor-element elementor-element-79a1ed9 e-flex e-con-boxed e-con e-parent\" data-id=\"79a1ed9\" data-element_type=\"container\">\n\t\t\t\t\t<div class=\"e-con-inner\">\n\t\t\t\t<div class=\"elementor-element elementor-element-13b89b3e elementor-widget elementor-widget-heading\" data-id=\"13b89b3e\" data-element_type=\"widget\" data-widget_type=\"heading.default\">\n\t\t\t\t<div class=\"elementor-widget-container\">\n\t\t\t\t\t<h2 class=\"elementor-heading-title elementor-size-default\">Veja os resultados de nossos clientes<\/h2>\t\t\t\t<\/div>\n\t\t\t\t<\/div>\n\t\t<div class=\"elementor-element elementor-element-506ba8d7 e-grid e-con-full e-con e-child\" data-id=\"506ba8d7\" data-element_type=\"container\">\n\t\t\t\t<div class=\"elementor-element elementor-element-7c0c066 elementor-widget elementor-widget-video\" data-id=\"7c0c066\" data-element_type=\"widget\" data-settings=\"{&quot;youtube_url&quot;:&quot;https:\\\/\\\/youtube.com\\\/shorts\\\/XIkojNczvoQ&quot;,&quot;video_type&quot;:&quot;youtube&quot;,&quot;controls&quot;:&quot;yes&quot;}\" data-widget_type=\"video.default\">\n\t\t\t\t<div class=\"elementor-widget-container\">\n\t\t\t\t\t\t\t<div class=\"elementor-wrapper elementor-open-inline\">\n\t\t\t<div class=\"elementor-video\"><\/div>\t\t<\/div>\n\t\t\t\t\t\t<\/div>\n\t\t\t\t<\/div>\n\t\t\t\t<div class=\"elementor-element elementor-element-3d143834 elementor-widget elementor-widget-video\" data-id=\"3d143834\" data-element_type=\"widget\" data-settings=\"{&quot;youtube_url&quot;:&quot;https:\\\/\\\/youtube.com\\\/shorts\\\/VBdTiXnr40I&quot;,&quot;video_type&quot;:&quot;youtube&quot;,&quot;controls&quot;:&quot;yes&quot;}\" data-widget_type=\"video.default\">\n\t\t\t\t<div class=\"elementor-widget-container\">\n\t\t\t\t\t\t\t<div class=\"elementor-wrapper elementor-open-inline\">\n\t\t\t<div class=\"elementor-video\"><\/div>\t\t<\/div>\n\t\t\t\t\t\t<\/div>\n\t\t\t\t<\/div>\n\t\t\t\t<div class=\"elementor-element elementor-element-55907725 elementor-widget elementor-widget-video\" data-id=\"55907725\" data-element_type=\"widget\" data-settings=\"{&quot;youtube_url&quot;:&quot;https:\\\/\\\/youtube.com\\\/shorts\\\/bAIaDr486ss&quot;,&quot;video_type&quot;:&quot;youtube&quot;,&quot;controls&quot;:&quot;yes&quot;}\" data-widget_type=\"video.default\">\n\t\t\t\t<div class=\"elementor-widget-container\">\n\t\t\t\t\t\t\t<div class=\"elementor-wrapper elementor-open-inline\">\n\t\t\t<div class=\"elementor-video\"><\/div>\t\t<\/div>\n\t\t\t\t\t\t<\/div>\n\t\t\t\t<\/div>\n\t\t\t\t<div class=\"elementor-element elementor-element-6507be21 elementor-widget elementor-widget-video\" data-id=\"6507be21\" data-element_type=\"widget\" data-settings=\"{&quot;youtube_url&quot;:&quot;https:\\\/\\\/youtube.com\\\/shorts\\\/6lpJN9nuS9c&quot;,&quot;video_type&quot;:&quot;youtube&quot;,&quot;controls&quot;:&quot;yes&quot;}\" data-widget_type=\"video.default\">\n\t\t\t\t<div class=\"elementor-widget-container\">\n\t\t\t\t\t\t\t<div class=\"elementor-wrapper elementor-open-inline\">\n\t\t\t<div class=\"elementor-video\"><\/div>\t\t<\/div>\n\t\t\t\t\t\t<\/div>\n\t\t\t\t<\/div>\n\t\t\t\t<\/div>\n\t\t\t\t\t<\/div>\n\t\t\t\t<\/div>\n\t\t\t\t<section class=\"elementor-section elementor-top-section elementor-element elementor-element-41898407 elementor-section-boxed elementor-section-height-default elementor-section-height-default\" data-id=\"41898407\" data-element_type=\"section\" data-settings=\"{&quot;background_background&quot;:&quot;classic&quot;}\">\n\t\t\t\t\t\t<div class=\"elementor-container elementor-column-gap-default\">\n\t\t\t\t\t<div class=\"elementor-column elementor-col-100 elementor-top-column elementor-element elementor-element-1143c3ad\" data-id=\"1143c3ad\" data-element_type=\"column\">\n\t\t\t<div class=\"elementor-widget-wrap elementor-element-populated\">\n\t\t\t\t\t\t<div class=\"elementor-element elementor-element-46aa624f elementor-widget elementor-widget-image\" data-id=\"46aa624f\" data-element_type=\"widget\" data-widget_type=\"image.default\">\n\t\t\t\t<div class=\"elementor-widget-container\">\n\t\t\t\t\t\t\t\t\t\t\t\t\t\t\t<img fetchpriority=\"high\" decoding=\"async\" width=\"867\" height=\"1024\" src=\"https:\/\/lilianbertin.com.br\/wp-content\/uploads\/2025\/06\/WhatsApp-Image-2025-06-10-at-12.57.26.jpeg\" class=\"attachment-large size-large wp-image-37\" alt=\"\" srcset=\"https:\/\/lilianbertin.com.br\/wp-content\/uploads\/2025\/06\/WhatsApp-Image-2025-06-10-at-12.57.26.jpeg 867w, https:\/\/lilianbertin.com.br\/wp-content\/uploads\/2025\/06\/WhatsApp-Image-2025-06-10-at-12.57.26-254x300.jpeg 254w, https:\/\/lilianbertin.com.br\/wp-content\/uploads\/2025\/06\/WhatsApp-Image-2025-06-10-at-12.57.26-768x907.jpeg 768w\" sizes=\"(max-width: 867px) 100vw, 867px\" \/>\t\t\t\t\t\t\t\t\t\t\t\t\t\t\t<\/div>\n\t\t\t\t<\/div>\n\t\t\t\t<div class=\"elementor-element elementor-element-6e17e5b4 elementor-widget elementor-widget-heading\" data-id=\"6e17e5b4\" data-element_type=\"widget\" data-widget_type=\"heading.default\">\n\t\t\t\t<div class=\"elementor-widget-container\">\n\t\t\t\t\t<h2 class=\"elementor-heading-title elementor-size-default\">Quem te acompanhar\u00e1<\/h2>\t\t\t\t<\/div>\n\t\t\t\t<\/div>\n\t\t\t\t<div class=\"elementor-element elementor-element-41f2a9c4 elementor-widget elementor-widget-text-editor\" data-id=\"41f2a9c4\" data-element_type=\"widget\" data-widget_type=\"text-editor.default\">\n\t\t\t\t<div class=\"elementor-widget-container\">\n\t\t\t\t\t\t\t\t\t<p>Sou <strong>Lilian Bertin<\/strong>, mentora e facilitadora de <strong>Voz de Impacto<\/strong>.<\/p><p>Ajudo mentores e especialistas a <strong>lotar eventos presenciais<\/strong> e <strong>vender mentorias\/1:1<\/strong> com um m\u00e9todo simples, repet\u00edvel e sem depend\u00eancia de an\u00fancios.<\/p><p>Neste encontro, vou te mostrar a estrat\u00e9gia que gera <strong>resultado imediato<\/strong> para <strong>p\u00fablico frio<\/strong>, com foco em clareza, presen\u00e7a e narrativa que move decis\u00e3o.<\/p><p><!-- notionvc: 7a72a313-b75c-4296-b96b-51d16083ab56 --><\/p>\t\t\t\t\t\t\t\t<\/div>\n\t\t\t\t<\/div>\n\t\t\t\t<div class=\"elementor-element elementor-element-36b1642c elementor-widget elementor-widget-heading\" data-id=\"36b1642c\" data-element_type=\"widget\" data-widget_type=\"heading.default\">\n\t\t\t\t<div class=\"elementor-widget-container\">\n\t\t\t\t\t<h2 class=\"elementor-heading-title elementor-size-default\"><a href=\"https:\/\/chat.whatsapp.com\/BpeCvdqb7PGIcaOkTbPizT\">OK! ME CONVENCEU!<\/a><\/h2>\t\t\t\t<\/div>\n\t\t\t\t<\/div>\n\t\t\t\t\t<\/div>\n\t\t<\/div>\n\t\t\t\t\t<\/div>\n\t\t<\/section>\n\t\t\t\t<\/div>\n\t\t","protected":false},"excerpt":{"rendered":"<p>[EXCLUSIVO PARA DONOS DE NEG\u00d3CIO E PROFISSIONAIS LIBERAIS] COMO FALAR DE UM JEITO QUE GERA CONFIAN\u00c7A, CONEX\u00c3O E VENDAS MESMO SEM PARECER UM VENDEDOR Descubra o m\u00e9todo que transforma sua fala em uma experi\u00eancia de impacto capaz de gerar interesse, credibilidade e decis\u00e3o, mesmo que o p\u00fablico ainda n\u00e3o te conhe\u00e7a. Ter\u00e7a-feira, 20h (hor\u00e1rio de [&hellip;]<\/p>\n","protected":false},"author":3,"featured_media":0,"parent":0,"menu_order":0,"comment_status":"closed","ping_status":"closed","template":"elementor_canvas","meta":{"footnotes":""},"class_list":["post-134","page","type-page","status-publish","hentry"],"_links":{"self":[{"href":"https:\/\/lilianbertin.com.br\/index.php?rest_route=\/wp\/v2\/pages\/134","targetHints":{"allow":["GET"]}}],"collection":[{"href":"https:\/\/lilianbertin.com.br\/index.php?rest_route=\/wp\/v2\/pages"}],"about":[{"href":"https:\/\/lilianbertin.com.br\/index.php?rest_route=\/wp\/v2\/types\/page"}],"author":[{"embeddable":true,"href":"https:\/\/lilianbertin.com.br\/index.php?rest_route=\/wp\/v2\/users\/3"}],"replies":[{"embeddable":true,"href":"https:\/\/lilianbertin.com.br\/index.php?rest_route=%2Fwp%2Fv2%2Fcomments&post=134"}],"version-history":[{"count":5,"href":"https:\/\/lilianbertin.com.br\/index.php?rest_route=\/wp\/v2\/pages\/134\/revisions"}],"predecessor-version":[{"id":162,"href":"https:\/\/lilianbertin.com.br\/index.php?rest_route=\/wp\/v2\/pages\/134\/revisions\/162"}],"wp:attachment":[{"href":"https:\/\/lilianbertin.com.br\/index.php?rest_route=%2Fwp%2Fv2%2Fmedia&parent=134"}],"curies":[{"name":"wp","href":"https:\/\/api.w.org\/{rel}","templated":true}]}}